{"id":4922,"date":"2025-05-19T18:15:55","date_gmt":"2025-05-19T19:15:55","guid":{"rendered":"https:\/\/acorsonho.com\/?page_id=4922"},"modified":"2025-05-19T18:30:26","modified_gmt":"2025-05-19T19:30:26","slug":"faq","status":"publish","type":"page","link":"https:\/\/acorsonho.com\/en\/faq\/","title":{"rendered":"Perguntas e Respostas"},"content":{"rendered":"<div data-elementor-type=\"wp-page\" data-elementor-id=\"4922\" class=\"elementor elementor-4922\" data-elementor-post-type=\"page\">\n\t\t\t\t<div class=\"elementor-element elementor-element-08a1abd e-con-full e-flex e-con e-parent\" data-id=\"08a1abd\" data-element_type=\"container\" data-settings=\"{&quot;background_background&quot;:&quot;classic&quot;}\">\n\t\t\t\t<div class=\"elementor-element elementor-element-e87d53e elementor-widget-tablet_extra__width-initial elementor-invisible elementor-widget elementor-widget-heading\" data-id=\"e87d53e\" data-element_type=\"widget\" data-settings=\"{&quot;_animation&quot;:&quot;fadeInUp&quot;}\" data-widget_type=\"heading.default\">\n\t\t\t\t<div class=\"elementor-widget-container\">\n\t\t\t\t\t<h1 class=\"elementor-heading-title elementor-size-default\">Perguntas e Respostas<\/h1>\t\t\t\t<\/div>\n\t\t\t\t<\/div>\n\t\t\t\t<div class=\"elementor-element elementor-element-862f4d9 elementor-invisible elementor-widget elementor-widget-heading\" data-id=\"862f4d9\" data-element_type=\"widget\" data-settings=\"{&quot;_animation&quot;:&quot;fadeInUp&quot;}\" data-widget_type=\"heading.default\">\n\t\t\t\t<div class=\"elementor-widget-container\">\n\t\t\t\t\t<h2 class=\"elementor-heading-title elementor-size-default\">A\u00e7orsonho<\/h2>\t\t\t\t<\/div>\n\t\t\t\t<\/div>\n\t\t\t\t<\/div>\n\t\t<div class=\"elementor-element elementor-element-d5e3ae3 e-flex e-con-boxed e-con e-parent\" data-id=\"d5e3ae3\" data-element_type=\"container\">\n\t\t\t\t\t<div class=\"e-con-inner\">\n\t\t\t\t<div class=\"elementor-element elementor-element-0bee22a elementor-widget__width-initial elementor-widget-laptop__width-initial elementor-invisible elementor-widget elementor-widget-heading\" data-id=\"0bee22a\" data-element_type=\"widget\" data-settings=\"{&quot;_animation&quot;:&quot;fadeInUp&quot;}\" data-widget_type=\"heading.default\">\n\t\t\t\t<div class=\"elementor-widget-container\">\n\t\t\t\t\t<h2 class=\"elementor-heading-title elementor-size-default\">Tire todas as suas d\u00favidas<\/h2>\t\t\t\t<\/div>\n\t\t\t\t<\/div>\n\t\t\t\t<div class=\"elementor-element elementor-element-fb761e9 elementor-invisible elementor-widget elementor-widget-jkit_accordion\" data-id=\"fb761e9\" data-element_type=\"widget\" data-settings=\"{&quot;_animation&quot;:&quot;fadeInUp&quot;}\" data-widget_type=\"jkit_accordion.default\">\n\t\t\t\t<div class=\"elementor-widget-container\">\n\t\t\t\t\t<div  class=\"jeg-elementor-kit jkit-accordion style-default jeg_module___69e380996a11d\" ><div class=\"card-wrapper expand\">\n                <div class=\"card-header\">\n                    <a href=\"#expand-5feba67\" class=\"card-header-button\" aria-expanded=\"false\" data-target=\"#expand-5feba67\" aria-controls=\"expand-5feba67\">\n                        <span class=\"title\">Qual as horas de Check-in e Check-out?<\/span><div class=\"right-icon-group\">\n                <div class=\"normal-icon\"><svg aria-hidden=\"true\" class=\"e-font-icon-svg e-fas-chevron-down\" viewbox=\"0 0 448 512\" xmlns=\"http:\/\/www.w3.org\/2000\/svg\"><path d=\"M207.029 381.476L12.686 187.132c-9.373-9.373-9.373-24.569 0-33.941l22.667-22.667c9.357-9.357 24.522-9.375 33.901-.04L224 284.505l154.745-154.021c9.379-9.335 24.544-9.317 33.901.04l22.667 22.667c9.373 9.373 9.373 24.569 0 33.941L240.971 381.476c-9.373 9.372-24.569 9.372-33.942 0z\"><\/path><\/svg><\/div>\n                <div class=\"active-icon\"><svg aria-hidden=\"true\" class=\"e-font-icon-svg e-fas-chevron-up\" viewbox=\"0 0 448 512\" xmlns=\"http:\/\/www.w3.org\/2000\/svg\"><path d=\"M240.971 130.524l194.343 194.343c9.373 9.373 9.373 24.569 0 33.941l-22.667 22.667c-9.357 9.357-24.522 9.375-33.901.04L224 227.495 69.255 381.516c-9.379 9.335-24.544 9.317-33.901-.04l-22.667-22.667c-9.373-9.373-9.373-24.569 0-33.941L207.03 130.525c9.372-9.373 24.568-9.373 33.941-.001z\"><\/path><\/svg><\/div>\n            <\/div>\n                    <\/a>\n                <\/div>\n                <div class=\"card-expand\" id=\"expand-5feba67\" style=\"display:block\"><div class=\"card-body\"><div class=\"elementor-element elementor-element-7faf66cb elementor-widget elementor-widget-text-editor\" data-id=\"7faf66cb\" data-element_type=\"widget\" data-widget_type=\"text-editor.default\"><div class=\"elementor-widget-container\"><div class=\"elementor-text-editor elementor-clearfix\"><ul><li class=\"\" data-start=\"731\" data-end=\"789\"><p class=\"\" data-start=\"733\" data-end=\"789\">O\u00a0<strong data-start=\"735\" data-end=\"747\">check-in<\/strong>\u00a0pode ser efetuado a partir das\u00a0<strong data-start=\"779\" data-end=\"788\">16h00<\/strong>.<\/p><\/li><li class=\"\" data-start=\"790\" data-end=\"864\"><p class=\"\" data-start=\"792\" data-end=\"864\">O\u00a0<strong data-start=\"794\" data-end=\"807\">check-out<\/strong>\u00a0dever\u00e1 ser realizado at\u00e9 \u00e0s\u00a0<strong data-start=\"836\" data-end=\"845\">11h00<\/strong>\u00a0do dia da partida.<\/p><\/li><\/ul><\/div><\/div><\/div><\/div><\/div>\n            <\/div><div class=\"card-wrapper\">\n                <div class=\"card-header\">\n                    <a href=\"#expand-f397c5e\" class=\"card-header-button\" aria-expanded=\"false\" data-target=\"#expand-f397c5e\" aria-controls=\"expand-f397c5e\">\n                        <span class=\"title\">Tenho direito a Pequeno-Almo\u00e7o?<\/span><div class=\"right-icon-group\">\n                <div class=\"normal-icon\"><svg aria-hidden=\"true\" class=\"e-font-icon-svg e-fas-chevron-down\" viewbox=\"0 0 448 512\" xmlns=\"http:\/\/www.w3.org\/2000\/svg\"><path d=\"M207.029 381.476L12.686 187.132c-9.373-9.373-9.373-24.569 0-33.941l22.667-22.667c9.357-9.357 24.522-9.375 33.901-.04L224 284.505l154.745-154.021c9.379-9.335 24.544-9.317 33.901.04l22.667 22.667c9.373 9.373 9.373 24.569 0 33.941L240.971 381.476c-9.373 9.372-24.569 9.372-33.942 0z\"><\/path><\/svg><\/div>\n                <div class=\"active-icon\"><svg aria-hidden=\"true\" class=\"e-font-icon-svg e-fas-chevron-up\" viewbox=\"0 0 448 512\" xmlns=\"http:\/\/www.w3.org\/2000\/svg\"><path d=\"M240.971 130.524l194.343 194.343c9.373 9.373 9.373 24.569 0 33.941l-22.667 22.667c-9.357 9.357-24.522 9.375-33.901.04L224 227.495 69.255 381.516c-9.379 9.335-24.544 9.317-33.901-.04l-22.667-22.667c-9.373-9.373-9.373-24.569 0-33.941L207.03 130.525c9.372-9.373 24.568-9.373 33.941-.001z\"><\/path><\/svg><\/div>\n            <\/div>\n                    <\/a>\n                <\/div>\n                <div class=\"card-expand\" id=\"expand-f397c5e\" style=\"display:none\"><div class=\"card-body\"><ul><li class=\"\" data-start=\"2005\" data-end=\"2118\"><p class=\"\" data-start=\"2007\" data-end=\"2118\">Breakfast is included in some rates. Check at the time of booking if your rate includes it.<\/p><\/li><li class=\"\" data-start=\"2119\" data-end=\"2259\"><p class=\"\" data-start=\"2121\" data-end=\"2259\">\u00c9 servido em estilo\u00a0<strong data-start=\"2141\" data-end=\"2151\">buffet<\/strong>\u00a0no restaurante do hotel, normalmente entre as\u00a0<strong data-start=\"2198\" data-end=\"2218\">07h30 e as 10h30<\/strong>\u00a0(hor\u00e1rio sujeito a altera\u00e7\u00f5es sazonais).<\/p><\/li><li class=\"\" data-start=\"2260\" data-end=\"2345\"><p class=\"\" data-start=\"2262\" data-end=\"2345\">Dietary restrictions or special needs must be communicated in advance.<\/p><\/li><\/ul><\/div><\/div>\n            <\/div><div class=\"card-wrapper\">\n                <div class=\"card-header\">\n                    <a href=\"#expand-02fd44c\" class=\"card-header-button\" aria-expanded=\"false\" data-target=\"#expand-02fd44c\" aria-controls=\"expand-02fd44c\">\n                        <span class=\"title\">E quanto a crian\u00e7as e camas extra?<\/span><div class=\"right-icon-group\">\n                <div class=\"normal-icon\"><svg aria-hidden=\"true\" class=\"e-font-icon-svg e-fas-chevron-down\" viewbox=\"0 0 448 512\" xmlns=\"http:\/\/www.w3.org\/2000\/svg\"><path d=\"M207.029 381.476L12.686 187.132c-9.373-9.373-9.373-24.569 0-33.941l22.667-22.667c9.357-9.357 24.522-9.375 33.901-.04L224 284.505l154.745-154.021c9.379-9.335 24.544-9.317 33.901.04l22.667 22.667c9.373 9.373 9.373 24.569 0 33.941L240.971 381.476c-9.373 9.372-24.569 9.372-33.942 0z\"><\/path><\/svg><\/div>\n                <div class=\"active-icon\"><svg aria-hidden=\"true\" class=\"e-font-icon-svg e-fas-chevron-up\" viewbox=\"0 0 448 512\" xmlns=\"http:\/\/www.w3.org\/2000\/svg\"><path d=\"M240.971 130.524l194.343 194.343c9.373 9.373 9.373 24.569 0 33.941l-22.667 22.667c-9.357 9.357-24.522 9.375-33.901.04L224 227.495 69.255 381.516c-9.379 9.335-24.544 9.317-33.901-.04l-22.667-22.667c-9.373-9.373-9.373-24.569 0-33.941L207.03 130.525c9.372-9.373 24.568-9.373 33.941-.001z\"><\/path><\/svg><\/div>\n            <\/div>\n                    <\/a>\n                <\/div>\n                <div class=\"card-expand\" id=\"expand-02fd44c\" style=\"display:none\"><div class=\"card-body\"><ul><li class=\"\" data-start=\"2386\" data-end=\"2412\"><p class=\"\" data-start=\"2388\" data-end=\"2412\">Children are welcome.<\/p><\/li><li class=\"\" data-start=\"2413\" data-end=\"2510\"><p class=\"\" data-start=\"2415\" data-end=\"2510\">Free accommodation for children up to 3 years old, using a cot (subject to availability).<\/p><\/li><li class=\"\" data-start=\"2511\" data-end=\"2706\"><p class=\"\" data-start=\"2513\" data-end=\"2621\">Extra beds are available on prior request and may incur additional charges depending on age:<\/p><ul data-start=\"2624\" data-end=\"2706\"><li class=\"\" data-start=\"2624\" data-end=\"2660\"><p class=\"\" data-start=\"2626\" data-end=\"2660\">4 to 12 years: supplement per night.<\/p><\/li><li class=\"\" data-start=\"2663\" data-end=\"2706\"><p class=\"\" data-start=\"2665\" data-end=\"2706\">From the age of 13: considered an adult.<\/p><\/li><\/ul><\/li><li class=\"\" data-start=\"2707\" data-end=\"2787\"><p class=\"\" data-start=\"2709\" data-end=\"2787\">The maximum capacity for extra beds or cots varies according to the type of room.<\/p><\/li><\/ul><\/div><\/div>\n            <\/div><div class=\"card-wrapper\">\n                <div class=\"card-header\">\n                    <a href=\"#expand-e50c6e2\" class=\"card-header-button\" aria-expanded=\"false\" data-target=\"#expand-e50c6e2\" aria-controls=\"expand-e50c6e2\">\n                        <span class=\"title\">Posso levar animais de estima\u00e7\u00e3o?<\/span><div class=\"right-icon-group\">\n                <div class=\"normal-icon\"><svg aria-hidden=\"true\" class=\"e-font-icon-svg e-fas-chevron-down\" viewbox=\"0 0 448 512\" xmlns=\"http:\/\/www.w3.org\/2000\/svg\"><path d=\"M207.029 381.476L12.686 187.132c-9.373-9.373-9.373-24.569 0-33.941l22.667-22.667c9.357-9.357 24.522-9.375 33.901-.04L224 284.505l154.745-154.021c9.379-9.335 24.544-9.317 33.901.04l22.667 22.667c9.373 9.373 9.373 24.569 0 33.941L240.971 381.476c-9.373 9.372-24.569 9.372-33.942 0z\"><\/path><\/svg><\/div>\n                <div class=\"active-icon\"><svg aria-hidden=\"true\" class=\"e-font-icon-svg e-fas-chevron-up\" viewbox=\"0 0 448 512\" xmlns=\"http:\/\/www.w3.org\/2000\/svg\"><path d=\"M240.971 130.524l194.343 194.343c9.373 9.373 9.373 24.569 0 33.941l-22.667 22.667c-9.357 9.357-24.522 9.375-33.901.04L224 227.495 69.255 381.516c-9.379 9.335-24.544 9.317-33.901-.04l-22.667-22.667c-9.373-9.373-9.373-24.569 0-33.941L207.03 130.525c9.372-9.373 24.568-9.373 33.941-.001z\"><\/path><\/svg><\/div>\n            <\/div>\n                    <\/a>\n                <\/div>\n                <div class=\"card-expand\" id=\"expand-e50c6e2\" style=\"display:none\"><div class=\"card-body\"><div class=\"elementor-element elementor-element-086e53d e-flex e-con-boxed e-con e-parent e-lazyloaded\" data-id=\"086e53d\" data-element_type=\"container\"><div class=\"e-con-inner\"><div class=\"elementor-element elementor-element-bf78b3f elementor-widget elementor-widget-text-editor\" data-id=\"bf78b3f\" data-element_type=\"widget\" data-widget_type=\"text-editor.default\"><div class=\"elementor-widget-container\"><p>Animais de estima\u00e7\u00e3o\u00a0<strong data-start=\"3248\" data-end=\"3270\">n\u00e3o s\u00e3o permitidos<\/strong>, exceto c\u00e3es-guia com aviso pr\u00e9vio e documenta\u00e7\u00e3o adequada.<\/p><\/div><\/div><\/div><\/div><\/div><\/div>\n            <\/div><div class=\"card-wrapper\">\n                <div class=\"card-header\">\n                    <a href=\"#expand-cbe49ba\" class=\"card-header-button\" aria-expanded=\"false\" data-target=\"#expand-cbe49ba\" aria-controls=\"expand-cbe49ba\">\n                        <span class=\"title\">Se acontecer algo por for\u00e7a maior, tenho direito a reembolso ou reagendamento?<\/span><div class=\"right-icon-group\">\n                <div class=\"normal-icon\"><svg aria-hidden=\"true\" class=\"e-font-icon-svg e-fas-chevron-down\" viewbox=\"0 0 448 512\" xmlns=\"http:\/\/www.w3.org\/2000\/svg\"><path d=\"M207.029 381.476L12.686 187.132c-9.373-9.373-9.373-24.569 0-33.941l22.667-22.667c9.357-9.357 24.522-9.375 33.901-.04L224 284.505l154.745-154.021c9.379-9.335 24.544-9.317 33.901.04l22.667 22.667c9.373 9.373 9.373 24.569 0 33.941L240.971 381.476c-9.373 9.372-24.569 9.372-33.942 0z\"><\/path><\/svg><\/div>\n                <div class=\"active-icon\"><svg aria-hidden=\"true\" class=\"e-font-icon-svg e-fas-chevron-up\" viewbox=\"0 0 448 512\" xmlns=\"http:\/\/www.w3.org\/2000\/svg\"><path d=\"M240.971 130.524l194.343 194.343c9.373 9.373 9.373 24.569 0 33.941l-22.667 22.667c-9.357 9.357-24.522 9.375-33.901.04L224 227.495 69.255 381.516c-9.379 9.335-24.544 9.317-33.901-.04l-22.667-22.667c-9.373-9.373-9.373-24.569 0-33.941L207.03 130.525c9.372-9.373 24.568-9.373 33.941-.001z\"><\/path><\/svg><\/div>\n            <\/div>\n                    <\/a>\n                <\/div>\n                <div class=\"card-expand\" id=\"expand-cbe49ba\" style=\"display:none\"><div class=\"card-body\">O hotel n\u00e3o se responsabiliza por falhas ou interrup\u00e7\u00f5es dos servi\u00e7os causadas por eventos fora do seu controlo, tais como perda ou atrasos de voos, desastres naturais, greves, restri\u00e7\u00f5es legais, apag\u00f5es, entre outros.<\/div><\/div>\n            <\/div><\/div>\t\t\t\t<\/div>\n\t\t\t\t<\/div>\n\t\t\t\t<div class=\"elementor-element elementor-element-9416821 elementor-invisible elementor-widget elementor-widget-text-editor\" data-id=\"9416821\" data-element_type=\"widget\" data-settings=\"{&quot;_animation&quot;:&quot;fadeInUp&quot;}\" data-widget_type=\"text-editor.default\">\n\t\t\t\t<div class=\"elementor-widget-container\">\n\t\t\t\t\t\t\t\t\t<p>If you have any further questions, please contact us.<\/p>\t\t\t\t\t\t\t\t<\/div>\n\t\t\t\t<\/div>\n\t\t\t\t\t<\/div>\n\t\t\t\t<\/div>\n\t\t\t\t<\/div>","protected":false},"excerpt":{"rendered":"<p>Tire todas as suas d\u00favidas<\/p>","protected":false},"author":1,"featured_media":3090,"parent":0,"menu_order":20,"comment_status":"closed","ping_status":"closed","template":"","meta":{"_acf_changed":false,"footnotes":""},"class_list":["post-4922","page","type-page","status-publish","has-post-thumbnail","hentry"],"acf":[],"yoast_head":"<!-- This site is optimized with the Yoast SEO plugin v25.8 - https:\/\/yoast.com\/wordpress\/plugins\/seo\/ -->\n<title>Perguntas e Respostas - A\u00c7ORSONHO<\/title>\n<meta name=\"robots\" content=\"index, follow, max-snippet:-1, max-image-preview:large, max-video-preview:-1\" \/>\n<link rel=\"canonical\" href=\"https:\/\/acorsonho.com\/en\/faq\/\" \/>\n<meta property=\"og:locale\" content=\"en_GB\" \/>\n<meta property=\"og:type\" content=\"article\" \/>\n<meta property=\"og:title\" content=\"Perguntas e Respostas - A\u00c7ORSONHO\" \/>\n<meta property=\"og:description\" content=\"Tire todas as suas d\u00favidas\" \/>\n<meta property=\"og:url\" content=\"https:\/\/acorsonho.com\/en\/faq\/\" \/>\n<meta property=\"og:site_name\" content=\"A\u00c7ORSONHO\" \/>\n<meta property=\"article:modified_time\" content=\"2025-05-19T19:30:26+00:00\" \/>\n<meta property=\"og:image\" content=\"https:\/\/acorsonho.com\/wp-content\/uploads\/2025\/05\/A7C01401-1.webp\" \/>\n\t<meta property=\"og:image:width\" content=\"1800\" \/>\n\t<meta property=\"og:image:height\" content=\"1200\" \/>\n\t<meta property=\"og:image:type\" content=\"image\/webp\" \/>\n<meta name=\"twitter:card\" content=\"summary_large_image\" \/>\n<meta name=\"twitter:label1\" content=\"Estimated reading time\" \/>\n\t<meta name=\"twitter:data1\" content=\"2 minutes\" \/>\n<script type=\"application\/ld+json\" class=\"yoast-schema-graph\">{\"@context\":\"https:\/\/schema.org\",\"@graph\":[{\"@type\":\"WebPage\",\"@id\":\"https:\/\/acorsonho.com\/faq\/\",\"url\":\"https:\/\/acorsonho.com\/faq\/\",\"name\":\"Perguntas e Respostas - A\u00c7ORSONHO\",\"isPartOf\":{\"@id\":\"https:\/\/acorsonho.com\/#website\"},\"primaryImageOfPage\":{\"@id\":\"https:\/\/acorsonho.com\/faq\/#primaryimage\"},\"image\":{\"@id\":\"https:\/\/acorsonho.com\/faq\/#primaryimage\"},\"thumbnailUrl\":\"https:\/\/acorsonho.com\/wp-content\/uploads\/2025\/05\/A7C01401-1.webp\",\"datePublished\":\"2025-05-19T19:15:55+00:00\",\"dateModified\":\"2025-05-19T19:30:26+00:00\",\"breadcrumb\":{\"@id\":\"https:\/\/acorsonho.com\/faq\/#breadcrumb\"},\"inLanguage\":\"en-GB\",\"potentialAction\":[{\"@type\":\"ReadAction\",\"target\":[\"https:\/\/acorsonho.com\/faq\/\"]}]},{\"@type\":\"ImageObject\",\"inLanguage\":\"en-GB\",\"@id\":\"https:\/\/acorsonho.com\/faq\/#primaryimage\",\"url\":\"https:\/\/acorsonho.com\/wp-content\/uploads\/2025\/05\/A7C01401-1.webp\",\"contentUrl\":\"https:\/\/acorsonho.com\/wp-content\/uploads\/2025\/05\/A7C01401-1.webp\",\"width\":1800,\"height\":1200},{\"@type\":\"BreadcrumbList\",\"@id\":\"https:\/\/acorsonho.com\/faq\/#breadcrumb\",\"itemListElement\":[{\"@type\":\"ListItem\",\"position\":1,\"name\":\"In\u00edcio\",\"item\":\"https:\/\/acorsonho.com\/\"},{\"@type\":\"ListItem\",\"position\":2,\"name\":\"Perguntas e Respostas\"}]},{\"@type\":\"WebSite\",\"@id\":\"https:\/\/acorsonho.com\/#website\",\"url\":\"https:\/\/acorsonho.com\/\",\"name\":\"A\u00c7ORSONHO\",\"description\":\"\",\"publisher\":{\"@id\":\"https:\/\/acorsonho.com\/#organization\"},\"potentialAction\":[{\"@type\":\"SearchAction\",\"target\":{\"@type\":\"EntryPoint\",\"urlTemplate\":\"https:\/\/acorsonho.com\/?s={search_term_string}\"},\"query-input\":{\"@type\":\"PropertyValueSpecification\",\"valueRequired\":true,\"valueName\":\"search_term_string\"}}],\"inLanguage\":\"en-GB\"},{\"@type\":\"Organization\",\"@id\":\"https:\/\/acorsonho.com\/#organization\",\"name\":\"A\u00c7ORSONHO\",\"url\":\"https:\/\/acorsonho.com\/\",\"logo\":{\"@type\":\"ImageObject\",\"inLanguage\":\"en-GB\",\"@id\":\"https:\/\/acorsonho.com\/#\/schema\/logo\/image\/\",\"url\":\"https:\/\/acorsonho.com\/wp-content\/uploads\/2025\/03\/Acorsonho-Logotipo-Colorido.webp\",\"contentUrl\":\"https:\/\/acorsonho.com\/wp-content\/uploads\/2025\/03\/Acorsonho-Logotipo-Colorido.webp\",\"width\":850,\"height\":346,\"caption\":\"A\u00c7ORSONHO\"},\"image\":{\"@id\":\"https:\/\/acorsonho.com\/#\/schema\/logo\/image\/\"}}]}<\/script>\n<!-- \/ Yoast SEO plugin. -->","yoast_head_json":{"title":"Perguntas e Respostas - A\u00c7ORSONHO","robots":{"index":"index","follow":"follow","max-snippet":"max-snippet:-1","max-image-preview":"max-image-preview:large","max-video-preview":"max-video-preview:-1"},"canonical":"https:\/\/acorsonho.com\/en\/faq\/","og_locale":"en_GB","og_type":"article","og_title":"Perguntas e Respostas - A\u00c7ORSONHO","og_description":"Tire todas as suas d\u00favidas","og_url":"https:\/\/acorsonho.com\/en\/faq\/","og_site_name":"A\u00c7ORSONHO","article_modified_time":"2025-05-19T19:30:26+00:00","og_image":[{"width":1800,"height":1200,"url":"https:\/\/acorsonho.com\/wp-content\/uploads\/2025\/05\/A7C01401-1.webp","type":"image\/webp"}],"twitter_card":"summary_large_image","twitter_misc":{"Estimated reading time":"2 minutes"},"schema":{"@context":"https:\/\/schema.org","@graph":[{"@type":"WebPage","@id":"https:\/\/acorsonho.com\/faq\/","url":"https:\/\/acorsonho.com\/faq\/","name":"Perguntas e Respostas - A\u00c7ORSONHO","isPartOf":{"@id":"https:\/\/acorsonho.com\/#website"},"primaryImageOfPage":{"@id":"https:\/\/acorsonho.com\/faq\/#primaryimage"},"image":{"@id":"https:\/\/acorsonho.com\/faq\/#primaryimage"},"thumbnailUrl":"https:\/\/acorsonho.com\/wp-content\/uploads\/2025\/05\/A7C01401-1.webp","datePublished":"2025-05-19T19:15:55+00:00","dateModified":"2025-05-19T19:30:26+00:00","breadcrumb":{"@id":"https:\/\/acorsonho.com\/faq\/#breadcrumb"},"inLanguage":"en-GB","potentialAction":[{"@type":"ReadAction","target":["https:\/\/acorsonho.com\/faq\/"]}]},{"@type":"ImageObject","inLanguage":"en-GB","@id":"https:\/\/acorsonho.com\/faq\/#primaryimage","url":"https:\/\/acorsonho.com\/wp-content\/uploads\/2025\/05\/A7C01401-1.webp","contentUrl":"https:\/\/acorsonho.com\/wp-content\/uploads\/2025\/05\/A7C01401-1.webp","width":1800,"height":1200},{"@type":"BreadcrumbList","@id":"https:\/\/acorsonho.com\/faq\/#breadcrumb","itemListElement":[{"@type":"ListItem","position":1,"name":"In\u00edcio","item":"https:\/\/acorsonho.com\/"},{"@type":"ListItem","position":2,"name":"Perguntas e Respostas"}]},{"@type":"WebSite","@id":"https:\/\/acorsonho.com\/#website","url":"https:\/\/acorsonho.com\/","name":"A\u00c7ORSONHO","description":"","publisher":{"@id":"https:\/\/acorsonho.com\/#organization"},"potentialAction":[{"@type":"SearchAction","target":{"@type":"EntryPoint","urlTemplate":"https:\/\/acorsonho.com\/?s={search_term_string}"},"query-input":{"@type":"PropertyValueSpecification","valueRequired":true,"valueName":"search_term_string"}}],"inLanguage":"en-GB"},{"@type":"Organization","@id":"https:\/\/acorsonho.com\/#organization","name":"A\u00c7ORSONHO","url":"https:\/\/acorsonho.com\/","logo":{"@type":"ImageObject","inLanguage":"en-GB","@id":"https:\/\/acorsonho.com\/#\/schema\/logo\/image\/","url":"https:\/\/acorsonho.com\/wp-content\/uploads\/2025\/03\/Acorsonho-Logotipo-Colorido.webp","contentUrl":"https:\/\/acorsonho.com\/wp-content\/uploads\/2025\/03\/Acorsonho-Logotipo-Colorido.webp","width":850,"height":346,"caption":"A\u00c7ORSONHO"},"image":{"@id":"https:\/\/acorsonho.com\/#\/schema\/logo\/image\/"}}]}},"_links":{"self":[{"href":"https:\/\/acorsonho.com\/en\/wp-json\/wp\/v2\/pages\/4922","targetHints":{"allow":["GET"]}}],"collection":[{"href":"https:\/\/acorsonho.com\/en\/wp-json\/wp\/v2\/pages"}],"about":[{"href":"https:\/\/acorsonho.com\/en\/wp-json\/wp\/v2\/types\/page"}],"author":[{"embeddable":true,"href":"https:\/\/acorsonho.com\/en\/wp-json\/wp\/v2\/users\/1"}],"replies":[{"embeddable":true,"href":"https:\/\/acorsonho.com\/en\/wp-json\/wp\/v2\/comments?post=4922"}],"version-history":[{"count":0,"href":"https:\/\/acorsonho.com\/en\/wp-json\/wp\/v2\/pages\/4922\/revisions"}],"wp:featuredmedia":[{"embeddable":true,"href":"https:\/\/acorsonho.com\/en\/wp-json\/wp\/v2\/media\/3090"}],"wp:attachment":[{"href":"https:\/\/acorsonho.com\/en\/wp-json\/wp\/v2\/media?parent=4922"}],"curies":[{"name":"wp","href":"https:\/\/api.w.org\/{rel}","templated":true}]}}