{"id":3,"date":"2024-12-30T17:18:42","date_gmt":"2024-12-30T17:18:42","guid":{"rendered":"https:\/\/restauranteaasm.com\/?page_id=3"},"modified":"2025-05-14T12:26:15","modified_gmt":"2025-05-14T13:26:15","slug":"cookies-policy","status":"publish","type":"page","link":"https:\/\/acorsonho.com\/en\/cookies-policy\/","title":{"rendered":"Pol\u00edtica de cookies"},"content":{"rendered":"<div data-elementor-type=\"wp-page\" data-elementor-id=\"3\" class=\"elementor elementor-3\" data-elementor-post-type=\"page\">\n\t\t\t\t<div class=\"elementor-element elementor-element-d3bc10c e-con-full e-flex e-con e-parent\" data-id=\"d3bc10c\" data-element_type=\"container\" data-settings=\"{&quot;background_background&quot;:&quot;classic&quot;}\">\n\t\t\t\t<div class=\"elementor-element elementor-element-e6ea0f1 elementor-widget-tablet_extra__width-initial elementor-invisible elementor-widget elementor-widget-heading\" data-id=\"e6ea0f1\" data-element_type=\"widget\" data-settings=\"{&quot;_animation&quot;:&quot;fadeInUp&quot;}\" data-widget_type=\"heading.default\">\n\t\t\t\t<div class=\"elementor-widget-container\">\n\t\t\t\t\t<h1 class=\"elementor-heading-title elementor-size-default\">Pol\u00edtica de cookies<\/h1>\t\t\t\t<\/div>\n\t\t\t\t<\/div>\n\t\t\t\t<div class=\"elementor-element elementor-element-c4ea57e elementor-invisible elementor-widget elementor-widget-heading\" data-id=\"c4ea57e\" data-element_type=\"widget\" data-settings=\"{&quot;_animation&quot;:&quot;fadeInUp&quot;}\" data-widget_type=\"heading.default\">\n\t\t\t\t<div class=\"elementor-widget-container\">\n\t\t\t\t\t<h2 class=\"elementor-heading-title elementor-size-default\">A\u00e7orsonho<\/h2>\t\t\t\t<\/div>\n\t\t\t\t<\/div>\n\t\t\t\t<\/div>\n\t\t<div class=\"elementor-element elementor-element-ad98d60 e-flex e-con-boxed e-con e-parent\" data-id=\"ad98d60\" data-element_type=\"container\">\n\t\t\t\t\t<div class=\"e-con-inner\">\n\t\t\t\t<div class=\"elementor-element elementor-element-ce00840 elementor-widget elementor-widget-text-editor\" data-id=\"ce00840\" data-element_type=\"widget\" data-widget_type=\"text-editor.default\">\n\t\t\t\t<div class=\"elementor-widget-container\">\n\t\t\t\t\t\t\t\t\t<p>This website uses cookies to improve its service.<\/p>\t\t\t\t\t\t\t\t<\/div>\n\t\t\t\t<\/div>\n\t\t\t\t\t<\/div>\n\t\t\t\t<\/div>\n\t\t<div class=\"elementor-element elementor-element-0d39ed4 e-flex e-con-boxed e-con e-parent\" data-id=\"0d39ed4\" data-element_type=\"container\">\n\t\t\t\t\t<div class=\"e-con-inner\">\n\t\t\t\t<div class=\"elementor-element elementor-element-1afe57f elementor-widget elementor-widget-heading\" data-id=\"1afe57f\" data-element_type=\"widget\" data-widget_type=\"heading.default\">\n\t\t\t\t<div class=\"elementor-widget-container\">\n\t\t\t\t\t<h2 class=\"elementor-heading-title elementor-size-default\">1 \u2013 WHAT ARE COOKIES?<\/h2>\t\t\t\t<\/div>\n\t\t\t\t<\/div>\n\t\t\t\t<div class=\"elementor-element elementor-element-0bf7783 elementor-widget elementor-widget-text-editor\" data-id=\"0bf7783\" data-element_type=\"widget\" data-widget_type=\"text-editor.default\">\n\t\t\t\t<div class=\"elementor-widget-container\">\n\t\t\t\t\t\t\t\t\t<p class=\"translation-block\">The cookies are small text files that a website, when visited by the user, places on their computer or mobile device through the internet browser (browser). The placement of cookies will help the site to recognize your device the next time the user visits it.<\/p><p class=\"translation-block\">We use the term cookies in this policy to refer to all files that collect information in this way. Alguns cookies s\u00e3o essenciais para garantir as funcionalidades disponibilizadas, enquanto outros s\u00e3o destinadas a melhorar o desempenho e a experi\u00eancia do utilizador. You should not continue to access our website after the cookie alert if you do not agree to their use.<\/p><p>We use the CookieYes plugin, which stores a log with the date, time and which option you selected to allow cookies during your visit to our website.<\/p>\t\t\t\t\t\t\t\t<\/div>\n\t\t\t\t<\/div>\n\t\t\t\t\t<\/div>\n\t\t\t\t<\/div>\n\t\t<div class=\"elementor-element elementor-element-20c4869 e-flex e-con-boxed e-con e-parent\" data-id=\"20c4869\" data-element_type=\"container\">\n\t\t\t\t\t<div class=\"e-con-inner\">\n\t\t\t\t<div class=\"elementor-element elementor-element-4a93736 elementor-widget elementor-widget-heading\" data-id=\"4a93736\" data-element_type=\"widget\" data-widget_type=\"heading.default\">\n\t\t\t\t<div class=\"elementor-widget-container\">\n\t\t\t\t\t<h2 class=\"elementor-heading-title elementor-size-default\">2 - ACCEPT<\/h2>\t\t\t\t<\/div>\n\t\t\t\t<\/div>\n\t\t\t\t<div class=\"elementor-element elementor-element-7965742 elementor-widget elementor-widget-text-editor\" data-id=\"7965742\" data-element_type=\"widget\" data-widget_type=\"text-editor.default\">\n\t\t\t\t<div class=\"elementor-widget-container\">\n\t\t\t\t\t\t\t\t\t<p class=\"translation-block\">You may at any time choose to accept or refuse the installation of cookies on your terminal by configuring the navigation software.<\/p><p class=\"translation-block\"><b>2.1<\/b> If you accept cookies<br>\nThe registration of a cookie on your terminal depends on your will. At any time, you will be able to express and modify your choice free of charge through the options provided by your navigation software.<\/p><p>If you have accepted the recording of cookies on your terminal in the browser software you are using, the cookies integrated into the pages and contents you have consulted may be temporarily stored in a specific space on your terminal. There, they will only be readable by the issuer.<\/p><p class=\"translation-block\"><b>2.2<\/b> What is the point of accepting cookies?<br>\nWhen you visit this website, these cookies will record certain information that is stored in your terminal. This information serves, in particular, to offer you products based on the items you have already selected during your previous visits, and thus allow you to benefit from better navigation on our Site.<\/p><p class=\"translation-block\">We use the term cookies in this policy to refer to all files that collect information in this way. Alguns cookies s\u00e3o essenciais para garantir as funcionalidades disponibilizadas, enquanto outros s\u00e3o destinadas a melhorar o desempenho e a experi\u00eancia do utilizador. You should not continue to access our website after the cookie alert if you do not agree to their use.<\/p>\t\t\t\t\t\t\t\t<\/div>\n\t\t\t\t<\/div>\n\t\t\t\t\t<\/div>\n\t\t\t\t<\/div>\n\t\t<div class=\"elementor-element elementor-element-0c237f1 e-flex e-con-boxed e-con e-parent\" data-id=\"0c237f1\" data-element_type=\"container\">\n\t\t\t\t\t<div class=\"e-con-inner\">\n\t\t\t\t<div class=\"elementor-element elementor-element-58945a3 elementor-widget elementor-widget-heading\" data-id=\"58945a3\" data-element_type=\"widget\" data-widget_type=\"heading.default\">\n\t\t\t\t<div class=\"elementor-widget-container\">\n\t\t\t\t\t<h2 class=\"elementor-heading-title elementor-size-default\">3 \u2013 REFUSE COOKIES<\/h2>\t\t\t\t<\/div>\n\t\t\t\t<\/div>\n\t\t\t\t<div class=\"elementor-element elementor-element-2eeab2f elementor-widget elementor-widget-text-editor\" data-id=\"2eeab2f\" data-element_type=\"widget\" data-widget_type=\"text-editor.default\">\n\t\t\t\t<div class=\"elementor-widget-container\">\n\t\t\t\t\t\t\t\t\t<p class=\"translation-block\"><b>3.1<\/b> If you refuse cookies<br>\nWhen you refuse cookies, we install however a cookie of \u201crefusal\u201d \u201c. This cookie allows us to remember your choice, so as to avoid asking you on each visit whether you wish to accept or refuse cookies.<\/p><p class=\"translation-block\"><b>3.2<\/b> Configuration of your browser<br>\nThe configuration of cookie management depends on each browser and is present in the help menu of your browser.<br><br><br><\/p><div><div><div><div><div class=\"translation-block\"><b>In Internet Explorer<\/b><br>\nTo customize settings relating to cookies for a web page<br>\nIn Internet Explorer, click the Tools button and then Internet Options.<br>\nClick the Privacy tab and then Sites.<br>\nIn the Web Site Address space, enter the full address (URL) of the web page whose privacy settings you want to customize.<br>\nFor example, http:\/\/www.microsoft.com.<br>\nTo allow the registration of cookies from the specified web page on your computer, click Allow. <br>To prohibit the registration of cookies from the specified web page on your computer, click Block.<br>\nRepeat steps 3 and 4 for each web page you want to block or allow. When finished, click OK twice.<\/div><\/div><\/div><\/div><\/div><div>\u00a0<\/div><div><div><div><div><div class=\"translation-block\"><b>In Safari<br><\/b>Go to Preferences, click on the Privacy panel and then Manage Cookies.<\/div><\/div><\/div><\/div><\/div><div>\u00a0<\/div><div><div><div><div><div class=\"translation-block\"><b>In Chrome<br><\/b>\nClick on the Chrome menu located in the browser toolbar.<br>\nSelect Settings.<br>\nClick on Show advanced settings.<br>\nIn the \u201cPrivacy\u201d section , click on the Content settings button.<br>\nIn the \u201cCookies\u201d section you can modify the following settings:<br>\nDelete cookies<br>\nBlock cookies by default<br>\nAllow cookies by default<br>\nCreate exceptions for website cookies or specific domains.<\/div><\/div><\/div><\/div><\/div><div>\u00a0<\/div><div><div><div><div><div class=\"translation-block\"><b>In Firefox<br><\/b>\nClick the Tools button and then Options.<br>\nClick the Privacy tab.<br>\nIn History, select \u201cUse custom settings for history.\u201d.<br>\nCheck the \u201caccept cookies\u201d box and click on exceptions to choose the websites that will or will not have permission to install cookies on your terminal.<\/div><\/div><\/div><\/div><\/div><div>\u00a0<\/div><div><div><div><div><div class=\"translation-block\"><b>In Opera<br><\/b>\nPreferences &gt; Advanced&gt; Cookies\u00a0<br>\nCookie preferences allow you to control how Opera handles cookies. The default setting is to accept all cookies.\u00a0<br>\nAccept cookies\u00a0<br>\n\u2013 All cookies are accepted (by default)\u00a0<br>\nAccept cookies only from the site I visit\u00a0<br>\n\u2013 Third party cookies, from a domain outside the one you are visiting, will be refused\u00a0<br>\nNever accept cookies\u00a0<br>\n\u2013 All cookies will be refused<\/div><\/div><\/div><\/div><\/div>\t\t\t\t\t\t\t\t<\/div>\n\t\t\t\t<\/div>\n\t\t\t\t\t<\/div>\n\t\t\t\t<\/div>\n\t\t<div class=\"elementor-element elementor-element-242e17d e-flex e-con-boxed e-con e-parent\" data-id=\"242e17d\" data-element_type=\"container\">\n\t\t\t\t\t<div class=\"e-con-inner\">\n\t\t\t\t<div class=\"elementor-element elementor-element-1488b87 elementor-widget elementor-widget-heading\" data-id=\"1488b87\" data-element_type=\"widget\" data-widget_type=\"heading.default\">\n\t\t\t\t<div class=\"elementor-widget-container\">\n\t\t\t\t\t<h2 class=\"elementor-heading-title elementor-size-default\">4 - LEGAL NOTICE UPDATE<\/h2>\t\t\t\t<\/div>\n\t\t\t\t<\/div>\n\t\t\t\t<div class=\"elementor-element elementor-element-79f05a9 elementor-widget elementor-widget-text-editor\" data-id=\"79f05a9\" data-element_type=\"widget\" data-widget_type=\"text-editor.default\">\n\t\t\t\t<div class=\"elementor-widget-container\">\n\t\t\t\t\t\t\t\t\t<p>The Administration reserves the right to make any changes or corrections to this cookie notification. Please check this page regularly to review the information and check for updates.<\/p>\t\t\t\t\t\t\t\t<\/div>\n\t\t\t\t<\/div>\n\t\t\t\t\t<\/div>\n\t\t\t\t<\/div>\n\t\t<div class=\"elementor-element elementor-element-14b79f0 e-flex e-con-boxed e-con e-parent\" data-id=\"14b79f0\" data-element_type=\"container\">\n\t\t\t\t\t<div class=\"e-con-inner\">\n\t\t\t\t<div class=\"elementor-element elementor-element-b1b9da7 elementor-widget elementor-widget-text-editor\" data-id=\"b1b9da7\" data-element_type=\"widget\" data-widget_type=\"text-editor.default\">\n\t\t\t\t<div class=\"elementor-widget-container\">\n\t\t\t\t\t\t\t\t\t<p>This notice was updated on <b>27th of February 2025<\/b><\/p>\t\t\t\t\t\t\t\t<\/div>\n\t\t\t\t<\/div>\n\t\t\t\t\t<\/div>\n\t\t\t\t<\/div>\n\t\t\t\t<\/div>","protected":false},"excerpt":{"rendered":"<p>This website uses cookies to improve its service.<\/p>","protected":false},"author":1,"featured_media":1713,"parent":0,"menu_order":25,"comment_status":"closed","ping_status":"closed","template":"elementor_canvas","meta":{"_acf_changed":false,"footnotes":""},"class_list":["post-3","page","type-page","status-publish","has-post-thumbnail","hentry"],"acf":[],"yoast_head":"<!-- This site is optimized with the Yoast SEO plugin v25.8 - https:\/\/yoast.com\/wordpress\/plugins\/seo\/ -->\n<title>Pol\u00edtica de cookies - A\u00c7ORSONHO<\/title>\n<meta name=\"robots\" content=\"index, follow, max-snippet:-1, max-image-preview:large, max-video-preview:-1\" \/>\n<link rel=\"canonical\" href=\"https:\/\/acorsonho.com\/en\/cookies-policy\/\" \/>\n<meta property=\"og:locale\" content=\"en_GB\" \/>\n<meta property=\"og:type\" content=\"article\" \/>\n<meta property=\"og:title\" content=\"Pol\u00edtica de cookies - A\u00c7ORSONHO\" \/>\n<meta property=\"og:description\" content=\"Este website utiliza cookies para melhorar o seu servi\u00e7o.\" \/>\n<meta property=\"og:url\" content=\"https:\/\/acorsonho.com\/en\/cookies-policy\/\" \/>\n<meta property=\"og:site_name\" content=\"A\u00c7ORSONHO\" \/>\n<meta property=\"article:modified_time\" content=\"2025-05-14T13:26:15+00:00\" \/>\n<meta property=\"og:image\" content=\"https:\/\/acorsonho.com\/wp-content\/uploads\/2025\/03\/A7C01572.webp\" \/>\n\t<meta property=\"og:image:width\" content=\"1800\" \/>\n\t<meta property=\"og:image:height\" content=\"1200\" \/>\n\t<meta property=\"og:image:type\" content=\"image\/webp\" \/>\n<meta name=\"twitter:card\" content=\"summary_large_image\" \/>\n<meta name=\"twitter:label1\" content=\"Estimated reading time\" \/>\n\t<meta name=\"twitter:data1\" content=\"5 minutes\" \/>\n<script type=\"application\/ld+json\" class=\"yoast-schema-graph\">{\"@context\":\"https:\/\/schema.org\",\"@graph\":[{\"@type\":\"WebPage\",\"@id\":\"https:\/\/acorsonho.com\/cookies-policy\/\",\"url\":\"https:\/\/acorsonho.com\/cookies-policy\/\",\"name\":\"Pol\u00edtica de cookies - A\u00c7ORSONHO\",\"isPartOf\":{\"@id\":\"https:\/\/acorsonho.com\/#website\"},\"primaryImageOfPage\":{\"@id\":\"https:\/\/acorsonho.com\/cookies-policy\/#primaryimage\"},\"image\":{\"@id\":\"https:\/\/acorsonho.com\/cookies-policy\/#primaryimage\"},\"thumbnailUrl\":\"https:\/\/acorsonho.com\/wp-content\/uploads\/2025\/03\/A7C01572.webp\",\"datePublished\":\"2024-12-30T17:18:42+00:00\",\"dateModified\":\"2025-05-14T13:26:15+00:00\",\"breadcrumb\":{\"@id\":\"https:\/\/acorsonho.com\/cookies-policy\/#breadcrumb\"},\"inLanguage\":\"en-GB\",\"potentialAction\":[{\"@type\":\"ReadAction\",\"target\":[\"https:\/\/acorsonho.com\/cookies-policy\/\"]}]},{\"@type\":\"ImageObject\",\"inLanguage\":\"en-GB\",\"@id\":\"https:\/\/acorsonho.com\/cookies-policy\/#primaryimage\",\"url\":\"https:\/\/acorsonho.com\/wp-content\/uploads\/2025\/03\/A7C01572.webp\",\"contentUrl\":\"https:\/\/acorsonho.com\/wp-content\/uploads\/2025\/03\/A7C01572.webp\",\"width\":1800,\"height\":1200},{\"@type\":\"BreadcrumbList\",\"@id\":\"https:\/\/acorsonho.com\/cookies-policy\/#breadcrumb\",\"itemListElement\":[{\"@type\":\"ListItem\",\"position\":1,\"name\":\"In\u00edcio\",\"item\":\"https:\/\/acorsonho.com\/\"},{\"@type\":\"ListItem\",\"position\":2,\"name\":\"Pol\u00edtica de cookies\"}]},{\"@type\":\"WebSite\",\"@id\":\"https:\/\/acorsonho.com\/#website\",\"url\":\"https:\/\/acorsonho.com\/\",\"name\":\"A\u00c7ORSONHO\",\"description\":\"\",\"publisher\":{\"@id\":\"https:\/\/acorsonho.com\/#organization\"},\"potentialAction\":[{\"@type\":\"SearchAction\",\"target\":{\"@type\":\"EntryPoint\",\"urlTemplate\":\"https:\/\/acorsonho.com\/?s={search_term_string}\"},\"query-input\":{\"@type\":\"PropertyValueSpecification\",\"valueRequired\":true,\"valueName\":\"search_term_string\"}}],\"inLanguage\":\"en-GB\"},{\"@type\":\"Organization\",\"@id\":\"https:\/\/acorsonho.com\/#organization\",\"name\":\"A\u00c7ORSONHO\",\"url\":\"https:\/\/acorsonho.com\/\",\"logo\":{\"@type\":\"ImageObject\",\"inLanguage\":\"en-GB\",\"@id\":\"https:\/\/acorsonho.com\/#\/schema\/logo\/image\/\",\"url\":\"https:\/\/acorsonho.com\/wp-content\/uploads\/2025\/03\/Acorsonho-Logotipo-Colorido.webp\",\"contentUrl\":\"https:\/\/acorsonho.com\/wp-content\/uploads\/2025\/03\/Acorsonho-Logotipo-Colorido.webp\",\"width\":850,\"height\":346,\"caption\":\"A\u00c7ORSONHO\"},\"image\":{\"@id\":\"https:\/\/acorsonho.com\/#\/schema\/logo\/image\/\"}}]}<\/script>\n<!-- \/ Yoast SEO plugin. -->","yoast_head_json":{"title":"Pol\u00edtica de cookies - A\u00c7ORSONHO","robots":{"index":"index","follow":"follow","max-snippet":"max-snippet:-1","max-image-preview":"max-image-preview:large","max-video-preview":"max-video-preview:-1"},"canonical":"https:\/\/acorsonho.com\/en\/cookies-policy\/","og_locale":"en_GB","og_type":"article","og_title":"Pol\u00edtica de cookies - A\u00c7ORSONHO","og_description":"Este website utiliza cookies para melhorar o seu servi\u00e7o.","og_url":"https:\/\/acorsonho.com\/en\/cookies-policy\/","og_site_name":"A\u00c7ORSONHO","article_modified_time":"2025-05-14T13:26:15+00:00","og_image":[{"width":1800,"height":1200,"url":"https:\/\/acorsonho.com\/wp-content\/uploads\/2025\/03\/A7C01572.webp","type":"image\/webp"}],"twitter_card":"summary_large_image","twitter_misc":{"Estimated reading time":"5 minutes"},"schema":{"@context":"https:\/\/schema.org","@graph":[{"@type":"WebPage","@id":"https:\/\/acorsonho.com\/cookies-policy\/","url":"https:\/\/acorsonho.com\/cookies-policy\/","name":"Pol\u00edtica de cookies - A\u00c7ORSONHO","isPartOf":{"@id":"https:\/\/acorsonho.com\/#website"},"primaryImageOfPage":{"@id":"https:\/\/acorsonho.com\/cookies-policy\/#primaryimage"},"image":{"@id":"https:\/\/acorsonho.com\/cookies-policy\/#primaryimage"},"thumbnailUrl":"https:\/\/acorsonho.com\/wp-content\/uploads\/2025\/03\/A7C01572.webp","datePublished":"2024-12-30T17:18:42+00:00","dateModified":"2025-05-14T13:26:15+00:00","breadcrumb":{"@id":"https:\/\/acorsonho.com\/cookies-policy\/#breadcrumb"},"inLanguage":"en-GB","potentialAction":[{"@type":"ReadAction","target":["https:\/\/acorsonho.com\/cookies-policy\/"]}]},{"@type":"ImageObject","inLanguage":"en-GB","@id":"https:\/\/acorsonho.com\/cookies-policy\/#primaryimage","url":"https:\/\/acorsonho.com\/wp-content\/uploads\/2025\/03\/A7C01572.webp","contentUrl":"https:\/\/acorsonho.com\/wp-content\/uploads\/2025\/03\/A7C01572.webp","width":1800,"height":1200},{"@type":"BreadcrumbList","@id":"https:\/\/acorsonho.com\/cookies-policy\/#breadcrumb","itemListElement":[{"@type":"ListItem","position":1,"name":"In\u00edcio","item":"https:\/\/acorsonho.com\/"},{"@type":"ListItem","position":2,"name":"Pol\u00edtica de cookies"}]},{"@type":"WebSite","@id":"https:\/\/acorsonho.com\/#website","url":"https:\/\/acorsonho.com\/","name":"A\u00c7ORSONHO","description":"","publisher":{"@id":"https:\/\/acorsonho.com\/#organization"},"potentialAction":[{"@type":"SearchAction","target":{"@type":"EntryPoint","urlTemplate":"https:\/\/acorsonho.com\/?s={search_term_string}"},"query-input":{"@type":"PropertyValueSpecification","valueRequired":true,"valueName":"search_term_string"}}],"inLanguage":"en-GB"},{"@type":"Organization","@id":"https:\/\/acorsonho.com\/#organization","name":"A\u00c7ORSONHO","url":"https:\/\/acorsonho.com\/","logo":{"@type":"ImageObject","inLanguage":"en-GB","@id":"https:\/\/acorsonho.com\/#\/schema\/logo\/image\/","url":"https:\/\/acorsonho.com\/wp-content\/uploads\/2025\/03\/Acorsonho-Logotipo-Colorido.webp","contentUrl":"https:\/\/acorsonho.com\/wp-content\/uploads\/2025\/03\/Acorsonho-Logotipo-Colorido.webp","width":850,"height":346,"caption":"A\u00c7ORSONHO"},"image":{"@id":"https:\/\/acorsonho.com\/#\/schema\/logo\/image\/"}}]}},"_links":{"self":[{"href":"https:\/\/acorsonho.com\/en\/wp-json\/wp\/v2\/pages\/3","targetHints":{"allow":["GET"]}}],"collection":[{"href":"https:\/\/acorsonho.com\/en\/wp-json\/wp\/v2\/pages"}],"about":[{"href":"https:\/\/acorsonho.com\/en\/wp-json\/wp\/v2\/types\/page"}],"author":[{"embeddable":true,"href":"https:\/\/acorsonho.com\/en\/wp-json\/wp\/v2\/users\/1"}],"replies":[{"embeddable":true,"href":"https:\/\/acorsonho.com\/en\/wp-json\/wp\/v2\/comments?post=3"}],"version-history":[{"count":0,"href":"https:\/\/acorsonho.com\/en\/wp-json\/wp\/v2\/pages\/3\/revisions"}],"wp:featuredmedia":[{"embeddable":true,"href":"https:\/\/acorsonho.com\/en\/wp-json\/wp\/v2\/media\/1713"}],"wp:attachment":[{"href":"https:\/\/acorsonho.com\/en\/wp-json\/wp\/v2\/media?parent=3"}],"curies":[{"name":"wp","href":"https:\/\/api.w.org\/{rel}","templated":true}]}}